{"id":16115,"date":"2024-11-12T10:43:18","date_gmt":"2024-11-12T08:43:18","guid":{"rendered":"https:\/\/archaion.com\/politique-de-cookies\/"},"modified":"2025-04-02T12:41:33","modified_gmt":"2025-04-02T09:41:33","slug":"politique-de-cookies","status":"publish","type":"page","link":"https:\/\/archaion.com\/fr\/politique-de-cookies\/","title":{"rendered":"Politique de cookies"},"content":{"rendered":"\t\t<div data-elementor-type=\"wp-page\" data-elementor-id=\"16115\" class=\"elementor elementor-16115 elementor-13930\">\n\t\t\t\t<div class=\"elementor-element elementor-element-a5b8711 e-con-full e-flex e-con e-parent\" data-id=\"a5b8711\" data-element_type=\"container\">\n\t\t<div class=\"elementor-element elementor-element-00c515d e-flex e-con-boxed e-con e-child\" data-id=\"00c515d\" data-element_type=\"container\" data-settings=\"{&quot;background_background&quot;:&quot;classic&quot;}\">\n\t\t\t\t\t<div class=\"e-con-inner\">\n\t\t\t\t<div class=\"elementor-element elementor-element-af77c81 e-transform elementor-widget elementor-widget-image\" data-id=\"af77c81\" data-element_type=\"widget\" data-settings=\"{&quot;_transform_flipY_effect&quot;:&quot;transform&quot;}\" data-widget_type=\"image.default\">\n\t\t\t\t<div class=\"elementor-widget-container\">\n\t\t\t\t\t\t\t\t\t\t\t\t\t\t\t<img fetchpriority=\"high\" decoding=\"async\" width=\"1415\" height=\"127\" src=\"https:\/\/archaion.com\/wp-content\/uploads\/2024\/12\/11line-1-01-copy.png\" class=\"attachment-full size-full wp-image-13966\" alt=\"\" srcset=\"https:\/\/archaion.com\/wp-content\/uploads\/2024\/12\/11line-1-01-copy.png 1415w, https:\/\/archaion.com\/wp-content\/uploads\/2024\/12\/11line-1-01-copy-768x69.png 768w, https:\/\/archaion.com\/wp-content\/uploads\/2024\/12\/11line-1-01-copy-1170x105.png 1170w, https:\/\/archaion.com\/wp-content\/uploads\/2024\/12\/11line-1-01-copy-550x49.png 550w\" sizes=\"(max-width: 1415px) 100vw, 1415px\" \/>\t\t\t\t\t\t\t\t\t\t\t\t\t\t\t<\/div>\n\t\t\t\t<\/div>\n\t\t\t\t<div class=\"elementor-element elementor-element-cc9ad2c elementor-widget elementor-widget-text-editor\" data-id=\"cc9ad2c\" data-element_type=\"widget\" data-widget_type=\"text-editor.default\">\n\t\t\t\t<div class=\"elementor-widget-container\">\n\t\t\t\t\t\t\t\t\t<p><span style=\"font-size: 50px; font-family: Trattatello;\">Politique de cookies<\/span><\/p>\n\t\t\t\t\t\t\t\t<\/div>\n\t\t\t\t<\/div>\n\t\t\t\t<div class=\"elementor-element elementor-element-71c4922 e-transform e-transform elementor-widget elementor-widget-image\" data-id=\"71c4922\" data-element_type=\"widget\" data-settings=\"{&quot;_transform_flipX_effect&quot;:&quot;transform&quot;,&quot;_transform_flipY_effect&quot;:&quot;transform&quot;}\" data-widget_type=\"image.default\">\n\t\t\t\t<div class=\"elementor-widget-container\">\n\t\t\t\t\t\t\t\t\t\t\t\t\t\t\t<img fetchpriority=\"high\" decoding=\"async\" width=\"1415\" height=\"127\" src=\"https:\/\/archaion.com\/wp-content\/uploads\/2024\/12\/11line-1-01-copy.png\" class=\"attachment-full size-full wp-image-13966\" alt=\"\" srcset=\"https:\/\/archaion.com\/wp-content\/uploads\/2024\/12\/11line-1-01-copy.png 1415w, https:\/\/archaion.com\/wp-content\/uploads\/2024\/12\/11line-1-01-copy-768x69.png 768w, https:\/\/archaion.com\/wp-content\/uploads\/2024\/12\/11line-1-01-copy-1170x105.png 1170w, https:\/\/archaion.com\/wp-content\/uploads\/2024\/12\/11line-1-01-copy-550x49.png 550w\" sizes=\"(max-width: 1415px) 100vw, 1415px\" \/>\t\t\t\t\t\t\t\t\t\t\t\t\t\t\t<\/div>\n\t\t\t\t<\/div>\n\t\t\t\t\t<\/div>\n\t\t\t\t<\/div>\n\t\t\t\t<\/div>\n\t\t<div class=\"elementor-element elementor-element-60ca9d1 e-flex e-con-boxed e-con e-parent\" data-id=\"60ca9d1\" data-element_type=\"container\" data-settings=\"{&quot;background_background&quot;:&quot;classic&quot;}\">\n\t\t\t\t\t<div class=\"e-con-inner\">\n\t\t\t\t<div class=\"elementor-element elementor-element-ee8cd64 elementor-widget elementor-widget-text-editor\" data-id=\"ee8cd64\" data-element_type=\"widget\" data-widget_type=\"text-editor.default\">\n\t\t\t\t<div class=\"elementor-widget-container\">\n\t\t\t\t\t\t\t\t\t<p><span style=\"font-size: 20px;\">Quels sont les cookies utilis\u00e9s sur archaion.com ?<\/span><\/p>\n<p><span style=\"font-size: 20px;\">Les cookies sont de tr\u00e8s petits fichiers texte d&rsquo;information qui sont utilis\u00e9s par les navigateurs (Chrome, Mozilla Firefox, etc.) et aident un site Web \u00e0 mieux fonctionner en lui permettant de reconna\u00eetre les pr\u00e9f\u00e9rences de l&rsquo;utilisateur \u00e0 chaque fois qu&rsquo;il y revient.<\/span><\/p>\n<p><span style=\"font-size: 20px;\">Sur le site archaion.com, il existe 4 types diff\u00e9rents de ces fichiers texte :<\/span><\/p>\n<p><span style=\"font-size: 20px;\">Cookies de fonctionnalit\u00e9 : Ils permettent l&rsquo;ex\u00e9cution des fonctions de base du site. Ces cookies ne collectent pas d&rsquo;informations sur les visiteurs qui pourraient \u00eatre utilis\u00e9es \u00e0 des fins de marketing ou pour m\u00e9moriser les sites Web qu&rsquo;ils ont consult\u00e9s en ligne.<\/span><br \/><span style=\"font-size: 20px;\">Cookies publicitaires : Ces cookies sont n\u00e9cessaires pour afficher des publicit\u00e9s li\u00e9es aux pr\u00e9f\u00e9rences de l&rsquo;utilisateur.<\/span><br \/><span style=\"font-size: 20px;\">Cookies statistiques\u00a0: ils mesurent le trafic des utilisateurs et aident les administrateurs de sites Web \u00e0 am\u00e9liorer le contenu du site, offrant ainsi une meilleure exp\u00e9rience aux visiteurs. Ces cookies ne collectent pas d&rsquo;informations permettant d&rsquo;identifier le visiteur.<\/span><br \/><span style=\"font-size: 20px;\">Cookies de pr\u00e9f\u00e9rence\u00a0: cookies qui permettent d&rsquo;afficher un contenu personnalis\u00e9 pour l&rsquo;utilisateur.<\/span><br \/><span style=\"font-size: 20px;\">Pourquoi archaion.com les utilise-t-il ?<\/span><\/p>\n<p><span style=\"font-size: 20px;\">Pour le bon fonctionnement du site et l\u2019exp\u00e9rience optimale de ses visiteurs.<\/span><\/p>\n<p><span style=\"font-size: 20px;\">Qu\u2019en est-il des donn\u00e9es personnelles des utilisateurs ?<\/span><\/p>\n<p><span style=\"font-size: 20px;\">archaion.com ne demande aucune information personnelle \u00e0 ses visiteurs lors de la navigation sur son contenu. Si l&rsquo;utilisateur d\u00e9cide de participer \u00e0 un concours en ligne organis\u00e9 par le site, il devra alors fournir son email, son pr\u00e9nom et son nom ainsi que son num\u00e9ro de t\u00e9l\u00e9phone. Ces donn\u00e9es sont destin\u00e9es exclusivement \u00e0 la communication directe des administrateurs avec les utilisateurs (uniquement dans le cas de l&rsquo;heureux gagnant de la loterie) et au bon fonctionnement du service. Les informations recueillies lors du concours ne sont pas c\u00e9d\u00e9es \u00e0 des tiers. L&rsquo;utilisateur peut modifier les param\u00e8tres du navigateur pour bloquer tout ou partie des cookies. Cependant, si les cookies sont bloqu\u00e9s, une partie du contenu d&rsquo;archaion.com ne sera pas affich\u00e9e.<\/span><\/p>\n\t\t\t\t\t\t\t\t<\/div>\n\t\t\t\t<\/div>\n\t\t\t\t\t<\/div>\n\t\t\t\t<\/div>\n\t\t\t\t<\/div>\n\t\t","protected":false},"excerpt":{"rendered":"<p>Politique de cookies Quels sont les cookies utilis\u00e9s sur archaion.com ? Les cookies sont de tr\u00e8s petits fichiers texte d&rsquo;information qui sont utilis\u00e9s par les navigateurs (Chrome, Mozilla Firefox, etc.) et aident un site Web \u00e0 mieux fonctionner en lui permettant de reconna\u00eetre les pr\u00e9f\u00e9rences de l&rsquo;utilisateur \u00e0 chaque fois qu&rsquo;il y revient. Sur le [&hellip;]<\/p>\n","protected":false},"author":2,"featured_media":0,"parent":0,"menu_order":0,"comment_status":"closed","ping_status":"closed","template":"","meta":{"footnotes":""},"class_list":["post-16115","page","type-page","status-publish","hentry"],"aioseo_notices":[],"_links":{"self":[{"href":"https:\/\/archaion.com\/fr\/wp-json\/wp\/v2\/pages\/16115","targetHints":{"allow":["GET"]}}],"collection":[{"href":"https:\/\/archaion.com\/fr\/wp-json\/wp\/v2\/pages"}],"about":[{"href":"https:\/\/archaion.com\/fr\/wp-json\/wp\/v2\/types\/page"}],"author":[{"embeddable":true,"href":"https:\/\/archaion.com\/fr\/wp-json\/wp\/v2\/users\/2"}],"replies":[{"embeddable":true,"href":"https:\/\/archaion.com\/fr\/wp-json\/wp\/v2\/comments?post=16115"}],"version-history":[{"count":2,"href":"https:\/\/archaion.com\/fr\/wp-json\/wp\/v2\/pages\/16115\/revisions"}],"predecessor-version":[{"id":16131,"href":"https:\/\/archaion.com\/fr\/wp-json\/wp\/v2\/pages\/16115\/revisions\/16131"}],"wp:attachment":[{"href":"https:\/\/archaion.com\/fr\/wp-json\/wp\/v2\/media?parent=16115"}],"curies":[{"name":"wp","href":"https:\/\/api.w.org\/{rel}","templated":true}]}}