{"id":16113,"date":"2024-11-12T10:37:11","date_gmt":"2024-11-12T08:37:11","guid":{"rendered":"https:\/\/archaion.com\/conditions-dutilisation\/"},"modified":"2025-04-02T12:38:12","modified_gmt":"2025-04-02T09:38:12","slug":"conditions-dutilisation","status":"publish","type":"page","link":"https:\/\/archaion.com\/fr\/conditions-dutilisation\/","title":{"rendered":"Conditions d&rsquo;utilisation"},"content":{"rendered":"\t\t<div data-elementor-type=\"wp-page\" data-elementor-id=\"16113\" class=\"elementor elementor-16113 elementor-13920\">\n\t\t\t\t<div class=\"elementor-element elementor-element-d33edda e-con-full e-flex e-con e-parent\" data-id=\"d33edda\" data-element_type=\"container\">\n\t\t<div class=\"elementor-element elementor-element-6ee1045 e-flex e-con-boxed e-con e-child\" data-id=\"6ee1045\" data-element_type=\"container\" data-settings=\"{&quot;background_background&quot;:&quot;classic&quot;}\">\n\t\t\t\t\t<div class=\"e-con-inner\">\n\t\t\t\t<div class=\"elementor-element elementor-element-50bad7d e-transform elementor-widget elementor-widget-image\" data-id=\"50bad7d\" data-element_type=\"widget\" data-settings=\"{&quot;_transform_flipY_effect&quot;:&quot;transform&quot;}\" data-widget_type=\"image.default\">\n\t\t\t\t<div class=\"elementor-widget-container\">\n\t\t\t\t\t\t\t\t\t\t\t\t\t\t\t<img fetchpriority=\"high\" decoding=\"async\" width=\"1415\" height=\"127\" src=\"https:\/\/archaion.com\/wp-content\/uploads\/2024\/12\/11line-1-01-copy.png\" class=\"attachment-full size-full wp-image-13966\" alt=\"\" srcset=\"https:\/\/archaion.com\/wp-content\/uploads\/2024\/12\/11line-1-01-copy.png 1415w, https:\/\/archaion.com\/wp-content\/uploads\/2024\/12\/11line-1-01-copy-768x69.png 768w, https:\/\/archaion.com\/wp-content\/uploads\/2024\/12\/11line-1-01-copy-1170x105.png 1170w, https:\/\/archaion.com\/wp-content\/uploads\/2024\/12\/11line-1-01-copy-550x49.png 550w\" sizes=\"(max-width: 1415px) 100vw, 1415px\" \/>\t\t\t\t\t\t\t\t\t\t\t\t\t\t\t<\/div>\n\t\t\t\t<\/div>\n\t\t\t\t<div class=\"elementor-element elementor-element-ea6415a elementor-widget elementor-widget-text-editor\" data-id=\"ea6415a\" data-element_type=\"widget\" data-widget_type=\"text-editor.default\">\n\t\t\t\t<div class=\"elementor-widget-container\">\n\t\t\t\t\t\t\t\t\t<p><span style=\"font-size: 50px; font-family: Trattatello;\">Conditions d&rsquo;utilisation<\/span><\/p>\n\t\t\t\t\t\t\t\t<\/div>\n\t\t\t\t<\/div>\n\t\t\t\t<div class=\"elementor-element elementor-element-7a4d5d8 e-transform e-transform elementor-widget elementor-widget-image\" data-id=\"7a4d5d8\" data-element_type=\"widget\" data-settings=\"{&quot;_transform_flipX_effect&quot;:&quot;transform&quot;,&quot;_transform_flipY_effect&quot;:&quot;transform&quot;}\" data-widget_type=\"image.default\">\n\t\t\t\t<div class=\"elementor-widget-container\">\n\t\t\t\t\t\t\t\t\t\t\t\t\t\t\t<img fetchpriority=\"high\" decoding=\"async\" width=\"1415\" height=\"127\" src=\"https:\/\/archaion.com\/wp-content\/uploads\/2024\/12\/11line-1-01-copy.png\" class=\"attachment-full size-full wp-image-13966\" alt=\"\" srcset=\"https:\/\/archaion.com\/wp-content\/uploads\/2024\/12\/11line-1-01-copy.png 1415w, https:\/\/archaion.com\/wp-content\/uploads\/2024\/12\/11line-1-01-copy-768x69.png 768w, https:\/\/archaion.com\/wp-content\/uploads\/2024\/12\/11line-1-01-copy-1170x105.png 1170w, https:\/\/archaion.com\/wp-content\/uploads\/2024\/12\/11line-1-01-copy-550x49.png 550w\" sizes=\"(max-width: 1415px) 100vw, 1415px\" \/>\t\t\t\t\t\t\t\t\t\t\t\t\t\t\t<\/div>\n\t\t\t\t<\/div>\n\t\t\t\t\t<\/div>\n\t\t\t\t<\/div>\n\t\t\t\t<\/div>\n\t\t<div class=\"elementor-element elementor-element-60ca9d1 e-flex e-con-boxed e-con e-parent\" data-id=\"60ca9d1\" data-element_type=\"container\" data-settings=\"{&quot;background_background&quot;:&quot;classic&quot;}\">\n\t\t\t\t\t<div class=\"e-con-inner\">\n\t\t\t\t<div class=\"elementor-element elementor-element-ee8cd64 elementor-widget elementor-widget-text-editor\" data-id=\"ee8cd64\" data-element_type=\"widget\" data-widget_type=\"text-editor.default\">\n\t\t\t\t<div class=\"elementor-widget-container\">\n\t\t\t\t\t\t\t\t\t<p>CONDITIONS D&rsquo;UTILISATION DU SITE<\/p>\n<p>1 | EN G\u00c9N\u00c9RAL<\/p>\n<p>Bienvenue sur notre boutique en ligne archaion.com<\/p>\n<p>L&rsquo;acc\u00e8s et l&rsquo;utilisation du Site Web, des produits et services disponibles via celui-ci (ci-apr\u00e8s \u00ab Services \u00bb) sont soumis aux conditions g\u00e9n\u00e9rales suivantes (ci-apr\u00e8s \u00ab Conditions d&rsquo;utilisation \u00bb). L&rsquo;utilisation des Services implique l&rsquo;acceptation sans r\u00e9serve des Conditions d&rsquo;Utilisation, telles qu&rsquo;elles s&rsquo;appliquent \u00e0 chaque fois. La soci\u00e9t\u00e9 se r\u00e9serve le droit de modifier les conditions d&rsquo;utilisation \u00e0 sa discr\u00e9tion et sans pr\u00e9avis. Il est recommand\u00e9 aux utilisateurs de consulter cette page de temps \u00e0 autre afin d&rsquo;\u00eatre inform\u00e9s de toute modification des conditions d&rsquo;utilisation.<\/p>\n<p>L&rsquo;acc\u00e8s \u00e0 archaion.com est autoris\u00e9 pendant son fonctionnement, mais la soci\u00e9t\u00e9 se r\u00e9serve le droit de suspendre ou de retirer ses Services, sans pr\u00e9avis. La soci\u00e9t\u00e9 d\u00e9cline toute responsabilit\u00e9 en cas d&rsquo;impossibilit\u00e9 d&rsquo;acc\u00e9der \u00e0 tout ou partie des services pour quelque raison que ce soit.<\/p>\n<p>La soci\u00e9t\u00e9 met tout en \u0153uvre pour garantir que le contenu d\u2019archaion.com comprend des informations compl\u00e8tes, exactes, claires, valides, informatives, actuelles, v\u00e9ridiques et non trompeuses. En aucun cas, il n&rsquo;est responsable, li\u00e9 ou garanti en mati\u00e8re de s\u00e9curit\u00e9 et de contenu. Par cons\u00e9quent, les utilisateurs d&rsquo;archaion.com acceptent la possibilit\u00e9 que l&rsquo;entreprise ne puisse pas contr\u00f4ler l&rsquo;ensemble de ses contenus et services.<\/p>\n<p>L&rsquo;utilisation d&rsquo;archaion.com par chaque utilisateur se fait sous sa seule responsabilit\u00e9 et son contenu ne constitue pas et ne peut en aucun cas \u00eatre interpr\u00e9t\u00e9 comme un conseil, une incitation directe ou indirecte des utilisateurs \u00e0 entreprendre une quelconque action ou action. L&rsquo;\u00e9valuation du contenu appartient \u00e0 chaque utilisateur qui assume la responsabilit\u00e9 de l&rsquo;utilisation de n&rsquo;importe quelle partie de celui-ci.<\/p>\n<p>Les utilisateurs sont seuls responsables de la possession et de l&rsquo;entretien des connexions t\u00e9l\u00e9phoniques, des ordinateurs et du mat\u00e9riel g\u00e9n\u00e9ral n\u00e9cessaire \u00e0 l&rsquo;utilisation des services archaion.com.<\/p>\n<p>2 | PROTECTION DES DONN\u00c9ES PERSONNELLES<\/p>\n<p>Les informations ou donn\u00e9es personnelles que vous nous fournissez font l\u2019objet d\u2019un traitement conforme aux Politiques de Protection des Donn\u00e9es. En utilisant ce site Internet, vous consentez au traitement desdites informations et donn\u00e9es et d\u00e9clarez que toutes les informations et donn\u00e9es que vous nous fournissez sont v\u00e9ridiques et exactes.<\/p>\n<p>3 | UTILISATION DU SITE WEB<\/p>\n<p>En utilisant archaion.com et\/ou en passant une commande par son interm\u00e9diaire, vous vous engagez\u00a0:<\/p>\n<p>Utilisez le site Web uniquement pour en savoir plus sur nos services, soumettre des demandes ou des commandes l\u00e9gitimes.<\/p>\n<p>Ne passez pas de commandes fausses ou frauduleuses. Si nous pensons raisonnablement qu&rsquo;une telle commande a \u00e9t\u00e9 soumise, nous avons le droit de l&rsquo;annuler et d&rsquo;en informer les autorit\u00e9s comp\u00e9tentes.<\/p>\n<p>Fournissez-nous correctement et pr\u00e9cis\u00e9ment votre adresse e-mail, votre adresse postale et\/ou d&rsquo;autres informations de contact.<\/p>\n<p>Vous acceptez \u00e9galement que nous puissions utiliser ces informations pour vous contacter si n\u00e9cessaire. Si vous ne nous fournissez pas toutes les informations dont nous avons besoin, nous ne pourrons pas traiter votre commande.<\/p>\n<p>En passant une commande via le site Web, vous garantissez que vous avez au moins 18 ans et que vous avez la capacit\u00e9 juridique de conclure des contrats contraignants.<\/p>\n<p>4 | CONTRAT DE VENTE \u2013 COMMANDE DE PRODUITS<\/p>\n<p>Les informations contenues dans les Conditions d&rsquo;Utilisation et les pr\u00e9cisions contenues sur archaion.com ne constituent pas une offre de vente mais une invitation \u00e0 l&rsquo;information.<\/p>\n<p>Aucun contrat ne sera r\u00e9put\u00e9 avoir \u00e9t\u00e9 form\u00e9 entre nous et vous concernant des produits, \u00e0 moins que votre commande ne soit express\u00e9ment accept\u00e9e par nous. Si nous n&rsquo;acceptons pas votre commande et que l&rsquo;argent a d\u00e9j\u00e0 \u00e9t\u00e9 pr\u00e9lev\u00e9 sur votre compte, il vous sera alors int\u00e9gralement rembours\u00e9 sans int\u00e9r\u00eats.<\/p>\n<p>Pour passer une commande, il vous sera demand\u00e9 de suivre le processus d&rsquo;achat et d&rsquo;appuyer sur le bouton \u00ab TERMINER \u00bb. Vous recevrez ensuite un e-mail de notre part confirmant la r\u00e9ception de votre commande (\u00ab Confirmation de commande \u00bb). La r\u00e9ception de l&#8217;email confirme la finalisation de la commande et son acceptation de notre part.<\/p>\n<p>5 | DISPONIBILIT\u00c9 DES PRODUITS<\/p>\n<p>Toutes les commandes de produits sont soumises \u00e0 disponibilit\u00e9. Dans cette optique, en cas de difficult\u00e9s d&rsquo;approvisionnement ou de rupture de stock de produits, nous nous r\u00e9servons le droit de vous informer, soit par t\u00e9l\u00e9phone au num\u00e9ro que vous aurez indiqu\u00e9, soit par courrier \u00e9lectronique, des produits similaires, de qualit\u00e9 et de valeur \u00e9gale ou sup\u00e9rieure, que vous pourrez commander. Si vous ne souhaitez pas commander de tels produits similaires, nous vous rembourserons int\u00e9gralement et gratuitement tout montant que vous auriez pay\u00e9.<\/p>\n<p>6 | REJET D&rsquo;ORDRE<\/p>\n<p>Nous nous r\u00e9servons le droit de retirer tout produit d&rsquo;archaion.com \u00e0 tout moment et\/ou<\/p>\n<p>supprimer ou modifier tout \u00e9l\u00e9ment ou contenu de ce site Web\u00a0; Bien que nous fassions tout notre possible pour traiter toutes les commandes pass\u00e9es chez nous, des circonstances exceptionnelles peuvent survenir dans lesquelles nous devrons refuser de traiter une commande apr\u00e8s vous avoir d\u00e9j\u00e0 envoy\u00e9 la confirmation de commande, ce que nous nous r\u00e9servons le droit de faire \u00e0 tout moment, \u00e0 notre seule discr\u00e9tion.<\/p>\n<p>Nous ne serons pas responsables envers vous ou tout tiers du retrait de tout produit de ce site Web, ou de la suppression ou de la modification de tout mat\u00e9riel ou contenu sur le site Web ou du refus de traiter ou d&rsquo;accepter une commande apr\u00e8s que nous vous ayons envoy\u00e9 la confirmation de commande.<\/p>\n<p>7 | LIVRAISON \u2013 NON LIVRAISON DES PRODUITS<\/p>\n<p>Sous r\u00e9serve de la condition 5 ci-dessus concernant la disponibilit\u00e9 des produits et sous r\u00e9serve de circonstances exceptionnelles, nous ferons de notre mieux pour finaliser votre commande du ou des produits indiqu\u00e9s dans la Confirmation de Commande avant la date de livraison indiqu\u00e9e dans la Confirmation de Commande ou, si aucune date de livraison n&rsquo;est fix\u00e9e, dans le d\u00e9lai estim\u00e9 indiqu\u00e9 lors du choix d&rsquo;un mode de paiement, et en tout \u00e9tat de cause au plus tard dans les 30 jours \u00e0 compter de la date de la Confirmation de Commande. La livraison des produits est effectu\u00e9e par l&rsquo;interm\u00e9diaire du transporteur coop\u00e9rant avec nous et leur d\u00e9lai d&rsquo;exp\u00e9dition en Gr\u00e8ce est compris entre trois et quatre (3-4) jours ouvrables \u00e0 compter du jour suivant de la confirmation de commande. Nous n&rsquo;effectuons pas de livraisons le samedi et le dimanche.<\/p>\n<p>Cependant, des retards peuvent survenir dans des cas tels que , en fonction de la zone de livraison ou dans des circonstances impr\u00e9vues.<\/p>\n<p>Si, pour une raison quelconque, nous ne sommes pas en mesure de respecter la date de livraison, nous vous en informerons et vous offrirons la possibilit\u00e9 soit de poursuivre l&rsquo;achat en fixant une nouvelle date de livraison de notre part, soit d&rsquo;annuler la commande avec un remboursement complet et gratuit.<\/p>\n<p>Aux fins des pr\u00e9sentes Conditions, la \u00ab\u00a0livraison\u00a0\u00bb est r\u00e9put\u00e9e avoir eu lieu ou la commande est r\u00e9put\u00e9e avoir \u00e9t\u00e9 livr\u00e9e lorsque vous ou un tiers agissant en votre nom, autre que le transporteur, avez obtenu la possession physique ou le contr\u00f4le des produits, ce qui sera mat\u00e9rialis\u00e9 par la signature du justificatif de r\u00e9ception de la commande \u00e0 l&rsquo;adresse de livraison convenue.<\/p>\n<p>S&rsquo;il devient impossible pour le transporteur de livrer votre commande, il vous laissera un message vous expliquant o\u00f9 se trouve votre commande et ce que vous devrez faire pour la r\u00e9cup\u00e9rer, et vous contactera \u00e9galement par t\u00e9l\u00e9phone. Si, 10 jours apr\u00e8s la mise \u00e0 disposition de votre commande, celle-ci n&rsquo;a pas encore \u00e9t\u00e9 livr\u00e9e pour des raisons qui ne nous sont pas imputables, nous consid\u00e9rerons que vous souhaitez r\u00e9silier le Contrat et celui-ci sera r\u00e9put\u00e9 expir\u00e9. Suite \u00e0 la r\u00e9siliation du Contrat, nous vous restituerons gratuitement tout paiement re\u00e7u de votre part dans les plus brefs d\u00e9lais et en tout \u00e9tat de cause dans les 14 jours suivant la date \u00e0 laquelle le Contrat a pris fin.<\/p>\n<p>En cas de perte de votre commande suite \u00e0 une erreur du transporteur, nous vous en informerons et, si vous souhaitez quand m\u00eame finaliser la commande, nous vous remplacerons et vous renverrons les m\u00eames produits, \u00e0 d\u00e9faut nous vous restituerons gratuitement tout paiement que nous aurons re\u00e7u de votre part.<\/p>\n<p>8 | PAIEMENT DES PRODUITS<\/p>\n<p>Le prix de chaque produit est celui fix\u00e9 \u00e0 tout moment sur archaion.com, sauf en cas d&rsquo;erreur manifeste. Nous veillons toujours \u00e0 ce que tous les prix affich\u00e9s sur le site Web soient exacts, mais des erreurs peuvent survenir. Si nous d\u00e9couvrons une erreur dans le prix d&rsquo;un produit que vous avez command\u00e9, nous vous en informerons dans les plus brefs d\u00e9lais et vous donnerons la possibilit\u00e9 de reconfirmer la commande au prix correct corrig\u00e9 ou de l&rsquo;annuler. Si nous ne parvenons pas \u00e0 vous contacter, nous traiterons votre commande comme annul\u00e9e et vous rembourserons int\u00e9gralement tout montant que vous avez pay\u00e9.<\/p>\n<p>Nous ne sommes pas oblig\u00e9s de vous fournir un produit \u00e0 un prix inf\u00e9rieur incorrect (m\u00eame si nous vous avons envoy\u00e9 la confirmation de commande) lorsque l&rsquo;erreur de prix est \u00e9vidente et incontest\u00e9e et peut raisonnablement \u00eatre reconnue par vous comme un prix incorrect.<\/p>\n<p>Les prix sur notre site Internet incluent la TVA mais pas les frais de port, dans le cas o\u00f9 vous engageriez des frais de port.<\/p>\n<p>Conform\u00e9ment \u00e0 la politique de notre entreprise, les frais d&rsquo;exp\u00e9dition pour vos achats sur le territoire grec sup\u00e9rieurs \u00e0 cinquante euros (50 \u20ac) sont gratuits pour vous, tandis que pour les achats inf\u00e9rieurs \u00e0 cinquante euros (50 \u20ac) vous sont factur\u00e9s.<\/p>\n<p>le montant de trois euros et quatre-vingt-dix centimes (3,90 \u20ac). Les frais de livraison de vos achats au sein de l&rsquo;Union europ\u00e9enne sont gratuits pour les achats sup\u00e9rieurs \u00e0 cent euros (100 \u20ac), tandis que pour les petits achats, ils vous sont factur\u00e9s dix euros (10 \u20ac). Enfin, pour les frais de port pour les achats hors Union Europ\u00e9enne, le montant de trente euros (30 \u20ac) vous est factur\u00e9 quelle que soit la valeur des produits achet\u00e9s. Les exp\u00e9ditions internationales sont notamment effectu\u00e9es par ELTA. Les prix peuvent changer \u00e0 tout moment, cependant, sous r\u00e9serve de ce qui est sp\u00e9cifiquement indiqu\u00e9 imm\u00e9diatement ci-dessus, tout changement n&rsquo;affectera pas les commandes pour lesquelles une confirmation de commande vous a d\u00e9j\u00e0 \u00e9t\u00e9 envoy\u00e9e.<\/p>\n<p>Une fois que vous avez s\u00e9lectionn\u00e9 tous les produits que vous souhaitez acheter, ils seront ajout\u00e9s \u00e0 votre panier et l&rsquo;\u00e9tape suivante consiste \u00e0 proc\u00e9der \u00e0 la commande et au paiement. Pour ce faire, vous devez suivre les \u00e9tapes du processus d&rsquo;achat, en compl\u00e9tant ou en v\u00e9rifiant les informations demand\u00e9es \u00e0 chaque \u00e9tape. De plus, lors du processus d&rsquo;achat, avant le paiement, vous pouvez modifier les d\u00e9tails de votre commande.<\/p>\n<p>Le paiement peut \u00eatre effectu\u00e9 en esp\u00e8ces \u00e0 la livraison, avec les cartes de cr\u00e9dit Visa, Mastercard et American Express.<\/p>\n<p>Pour minimiser les risques d&rsquo;acc\u00e8s non autoris\u00e9, les d\u00e9tails de votre carte seront crypt\u00e9s. Votre carte ne sera d\u00e9bit\u00e9e qu&rsquo;une fois votre commande exp\u00e9di\u00e9e pour livraison depuis nos entrep\u00f4ts.<\/p>\n<p>Au moment o\u00f9 vous appuyez sur le bouton \u00ab Terminer la commande \u00bb, vous confirmez que votre carte de cr\u00e9dit est valide et dispose d&rsquo;un solde suffisant. Les cartes de cr\u00e9dit sont soumises \u00e0 des contr\u00f4les de validit\u00e9 et d&rsquo;approbation par l&rsquo;\u00e9metteur de votre carte. Si l&rsquo;\u00e9metteur de votre carte n&rsquo;autorise pas le paiement, nous ne serons pas responsables de tout retard ou non-livraison et ne pourrons pas conclure de contrat avec vous.<\/p>\n<p>9 | DROITS DE PROPRI\u00c9T\u00c9 INTELLECTUELLE ET INDUSTRIELLE \u2013 MARQUES<\/p>\n<p>La propri\u00e9t\u00e9 intellectuelle s&rsquo;acquiert sans aucune formulation et sans qu&rsquo;il soit n\u00e9cessaire de recourir \u00e0 une clause de non-contrefa\u00e7on. archaion.com et son contenu (qui comprend toutes les marques, signes distinctifs, brevets, marques, textes, images, graphiques, plans, photographies, programmes, mat\u00e9riel informatif de toute forme, donn\u00e9es, logiciels) sont la propri\u00e9t\u00e9 intellectuelle et industrielle de la soci\u00e9t\u00e9 et sont soumis \u00e0 la protection des dispositions pertinentes du droit grec, communautaire et international.<\/p>\n<p>Il est rappel\u00e9 que, conform\u00e9ment \u00e0 la loi N. 2121\/1993 (telle que modifi\u00e9e et en vigueur aujourd&rsquo;hui), \u00e0 la Convention internationale de Berne (ratifi\u00e9e par la loi 100\/1975) et aux dispositions pertinentes en mati\u00e8re de protection de la propri\u00e9t\u00e9 intellectuelle sur Internet, toute forme de copie, modification, intervention, transfert, distribution, revente, location, r\u00e9\u00e9dition, reproduction, retransmission sous forme \u00e9lectronique ou m\u00e9canique, stockage, impression, cr\u00e9ation d&rsquo;\u0153uvres d\u00e9riv\u00e9es, t\u00e9l\u00e9chargement par quiconque ou induire le public en erreur quant \u00e0 la v\u00e9ritable propri\u00e9taire du contenu.<\/p>\n<p>Le contenu d&rsquo;archaion.com ne constitue pas, et ne doit en aucun cas \u00eatre interpr\u00e9t\u00e9 comme accordant, une licence ou un droit d&rsquo;utilisation, express ou implicite, de toute marque y apparaissant sans l&rsquo;autorisation \u00e9crite de la soci\u00e9t\u00e9 ou de tiers susceptibles de d\u00e9tenir les marques qui y apparaissent. Les marques, logos, signes distinctifs qui apparaissent sur archaion.com ainsi que les repr\u00e9sentations de personnes, de lieux ou de choses qui font partie de son contenu sont la propri\u00e9t\u00e9 de la Soci\u00e9t\u00e9 ou de tiers. Leur utilisation est strictement interdite sans l\u2019autorisation \u00e9crite pr\u00e9alable de la Soci\u00e9t\u00e9, sauf disposition diff\u00e9rente dans les conditions d\u2019utilisation applicables.<\/p>\n<p>Les produits, services, marques, marques ou signes distinctifs de tiers qui apparaissent sur archaion.com sont la propri\u00e9t\u00e9 intellectuelle et industrielle des tiers, qui en portent \u00e9galement la responsabilit\u00e9.<\/p>\n<p>Les informations soumises \u00e0 la soci\u00e9t\u00e9 via archaion.com sont consid\u00e9r\u00e9es comme des informations non confidentielles et ne constituent pas la propri\u00e9t\u00e9 de l&rsquo;utilisateur en question. Tout ce qui est transmis ou retransmis ou envoy\u00e9 via archaion.com est, dans la mesure du possible, la propri\u00e9t\u00e9 de la soci\u00e9t\u00e9. La soci\u00e9t\u00e9 peut collecter des informations limit\u00e9es sur ses activit\u00e9s commerciales.<\/p>\n<p>10 | RESPONSABILIT\u00c9 DE LA SOCI\u00c9T\u00c9<\/p>\n<p>Compte tenu du caract\u00e8re internationalis\u00e9 d&rsquo;Internet et de son volume, tous dommages directs, accessoires, cons\u00e9cutifs, indirects ou collat\u00e9raux r\u00e9sultant de l&rsquo;acc\u00e8s de tout utilisateur \u00e0 archaion.com ou de son utilisation, y compris en cas de n\u00e9gligence contributive, ne sauraient engager la responsabilit\u00e9 de la soci\u00e9t\u00e9 ou de ses dirigeants. Les utilisateurs sont encourag\u00e9s \u00e0 utiliser des logiciels antivirus et anti-malware.<\/p>\n<p>La soci\u00e9t\u00e9 n&rsquo;est pas responsable des dommages et des co\u00fbts li\u00e9s \u00e0 l&rsquo;utilisation d&rsquo;archaion.com ou du<\/p>\n<p>incapacit\u00e9 de l&rsquo;utiliser, par quiconque, ou en relation avec un d\u00e9faut d&rsquo;ex\u00e9cution, une erreur, une omission, une interruption, un d\u00e9faut, un retard de fonctionnement ou de transmission ou une d\u00e9faillance de la ligne du syst\u00e8me. Dans le cas o\u00f9 un dommage, ou une infection par des virus \u00e9lectroniques, serait caus\u00e9 \u00e0 l&rsquo;ordinateur ou \u00e0 d&rsquo;autres moyens \u00e9lectroniques utilis\u00e9s par un utilisateur pour acc\u00e9der\/visiter\/utiliser ou t\u00e9l\u00e9charger tout mat\u00e9riel, donn\u00e9es, texte, images, vid\u00e9o ou audio de son contenu, la Soci\u00e9t\u00e9 n&rsquo;assume aucune responsabilit\u00e9.<\/p>\n<p>Les services disponibles sur le site Internet sont fournis aux utilisateurs de la boutique en ligne \u00ab en l&rsquo;\u00e9tat \u00bb. La soci\u00e9t\u00e9 ne garantit pas que le contenu d&rsquo;archaion.com et la qualit\u00e9 des services fournis r\u00e9pondront aux exigences et aux attentes des utilisateurs. La soci\u00e9t\u00e9 n&rsquo;assume aucune responsabilit\u00e9 pour toute r\u00e9clamation l\u00e9gale, civile ou p\u00e9nale li\u00e9e au fonctionnement ou \u00e0 l&rsquo;utilisation d&rsquo;archaion.com, ni pour tout dommage, de quelque nature que ce soit, caus\u00e9 soit par les visiteurs du site Internet, soit par des tiers.<\/p>\n<p>La soci\u00e9t\u00e9 n&rsquo;est pas responsable ni n&rsquo;assume aucune obligation d&rsquo;indemnisation pour une r\u00e9clamation li\u00e9e au contenu d&rsquo;archaion.com, ni pour toute erreur, diffamation simple ou calomnieuse, calomnie, insulte, omission, mensonge, grossi\u00e8ret\u00e9, pornographie, blasph\u00e8me, risque ou inexactitude trouv\u00e9s dans son contenu.<\/p>\n<p>11 | LOI APPLICABLE ET AUTRES CONDITIONS<\/p>\n<p>Les conditions particuli\u00e8res ainsi que toute modification de celles-ci seront r\u00e9gies et interpr\u00e9t\u00e9es conform\u00e9ment au droit grec. Pour tout litige n\u00e9 de l&rsquo;utilisation d&rsquo;archaion.com, les tribunaux comp\u00e9tents de Kalamata sont comp\u00e9tents.<\/p>\n\t\t\t\t\t\t\t\t<\/div>\n\t\t\t\t<\/div>\n\t\t\t\t\t<\/div>\n\t\t\t\t<\/div>\n\t\t\t\t<\/div>\n\t\t","protected":false},"excerpt":{"rendered":"<p>Conditions d&rsquo;utilisation CONDITIONS D&rsquo;UTILISATION DU SITE 1 | EN G\u00c9N\u00c9RAL Bienvenue sur notre boutique en ligne archaion.com L&rsquo;acc\u00e8s et l&rsquo;utilisation du Site Web, des produits et services disponibles via celui-ci (ci-apr\u00e8s \u00ab Services \u00bb) sont soumis aux conditions g\u00e9n\u00e9rales suivantes (ci-apr\u00e8s \u00ab Conditions d&rsquo;utilisation \u00bb). L&rsquo;utilisation des Services implique l&rsquo;acceptation sans r\u00e9serve des Conditions d&rsquo;Utilisation, [&hellip;]<\/p>\n","protected":false},"author":2,"featured_media":0,"parent":0,"menu_order":0,"comment_status":"closed","ping_status":"closed","template":"","meta":{"footnotes":""},"class_list":["post-16113","page","type-page","status-publish","hentry"],"aioseo_notices":[],"_links":{"self":[{"href":"https:\/\/archaion.com\/fr\/wp-json\/wp\/v2\/pages\/16113","targetHints":{"allow":["GET"]}}],"collection":[{"href":"https:\/\/archaion.com\/fr\/wp-json\/wp\/v2\/pages"}],"about":[{"href":"https:\/\/archaion.com\/fr\/wp-json\/wp\/v2\/types\/page"}],"author":[{"embeddable":true,"href":"https:\/\/archaion.com\/fr\/wp-json\/wp\/v2\/users\/2"}],"replies":[{"embeddable":true,"href":"https:\/\/archaion.com\/fr\/wp-json\/wp\/v2\/comments?post=16113"}],"version-history":[{"count":2,"href":"https:\/\/archaion.com\/fr\/wp-json\/wp\/v2\/pages\/16113\/revisions"}],"predecessor-version":[{"id":16124,"href":"https:\/\/archaion.com\/fr\/wp-json\/wp\/v2\/pages\/16113\/revisions\/16124"}],"wp:attachment":[{"href":"https:\/\/archaion.com\/fr\/wp-json\/wp\/v2\/media?parent=16113"}],"curies":[{"name":"wp","href":"https:\/\/api.w.org\/{rel}","templated":true}]}}