{"id":16102,"date":"2025-01-16T13:32:51","date_gmt":"2025-01-16T11:32:51","guid":{"rendered":"https:\/\/archaion.com\/boutique-2\/"},"modified":"2026-03-10T13:32:02","modified_gmt":"2026-03-10T11:32:02","slug":"boutique-2","status":"publish","type":"page","link":"https:\/\/archaion.com\/fr\/boutique-2\/","title":{"rendered":"Boutique"},"content":{"rendered":"\t\t<div data-elementor-type=\"wp-page\" data-elementor-id=\"16102\" class=\"elementor elementor-16102 elementor-14049\">\n\t\t\t\t<div class=\"elementor-element elementor-element-4c50b5c e-con-full e-flex e-con e-parent\" data-id=\"4c50b5c\" data-element_type=\"container\">\n\t\t<div class=\"elementor-element elementor-element-34d8428 e-flex e-con-boxed e-con e-child\" data-id=\"34d8428\" data-element_type=\"container\" data-settings=\"{&quot;background_background&quot;:&quot;classic&quot;}\">\n\t\t\t\t\t<div class=\"e-con-inner\">\n\t\t\t\t<div class=\"elementor-element elementor-element-4dd4c08 elementor-widget elementor-widget-heading\" data-id=\"4dd4c08\" data-element_type=\"widget\" data-widget_type=\"heading.default\">\n\t\t\t\t<div class=\"elementor-widget-container\">\n\t\t\t\t\t<h2 class=\"elementor-heading-title elementor-size-default\">Boutique.<\/h2>\t\t\t\t<\/div>\n\t\t\t\t<\/div>\n\t\t\t\t\t<\/div>\n\t\t\t\t<\/div>\n\t\t\t\t<\/div>\n\t\t<div class=\"elementor-element elementor-element-ee228a2 e-con-full e-flex e-con e-parent\" data-id=\"ee228a2\" data-element_type=\"container\">\n\t\t<div class=\"elementor-element elementor-element-5fa286b e-flex e-con-boxed e-con e-child\" data-id=\"5fa286b\" data-element_type=\"container\" data-settings=\"{&quot;background_background&quot;:&quot;classic&quot;}\">\n\t\t\t\t\t<div class=\"e-con-inner\">\n\t\t\t\t<div class=\"elementor-element elementor-element-4d9a68d elementor-widget elementor-widget-text-editor\" data-id=\"4d9a68d\" data-element_type=\"widget\" data-widget_type=\"text-editor.default\">\n\t\t\t\t<div class=\"elementor-widget-container\">\n\t\t\t\t\t\t\t\t\t<p><span style=\"font-size: 40px;\"><strong>Huile d&rsquo;olive Archaion<\/strong><\/span><\/p>\t\t\t\t\t\t\t\t<\/div>\n\t\t\t\t<\/div>\n\t\t\t\t<div class=\"elementor-element elementor-element-0c3e29e elementor-widget elementor-widget-text-editor\" data-id=\"0c3e29e\" data-element_type=\"widget\" data-widget_type=\"text-editor.default\">\n\t\t\t\t<div class=\"elementor-widget-container\">\n\t\t\t\t\t\t\t\t\t<p><span style=\"font-size: 20px;\"><span style=\"color: #003300;\"><strong>Aspect:<\/strong><\/span> riche couleur vert fonc\u00e9, texture dense.<\/span><\/p><p><span style=\"font-size: 20px;\"><span style=\"color: #003300;\"><strong>Ar\u00f4mes :<\/strong><\/span> Ar\u00f4me fruit\u00e9 frais et \u00e9quilibr\u00e9.<\/span><\/p><p><span style=\"font-size: 20px;\"><span style=\"color: #003300;\"><strong>Profil gustatif :<\/strong><\/span> Produit primordial de l&rsquo;oliveraie traditionnelle Mess\u00e9nie, synth\u00e9tiseur de biodiversit\u00e9, s\u00fbr, tensions harmonieuses, fruit\u00e9, amer et \u00e9pic\u00e9, caract\u00e9ris\u00e9 par les feuilles d&rsquo;olivier, l&rsquo;artichaut vert, la menthe et l&rsquo;origan, le radicchio et le Tordylium (Kafkalithra), c&rsquo;est un compl\u00e9ment au r\u00e9gime m\u00e9diterran\u00e9en.<\/span><\/p>\t\t\t\t\t\t\t\t<\/div>\n\t\t\t\t<\/div>\n\t\t<div class=\"elementor-element elementor-element-ae61ae7 e-con-full e-flex e-con e-child\" data-id=\"ae61ae7\" data-element_type=\"container\">\n\t\t\t\t<div class=\"elementor-element elementor-element-954d45f elementor-widget elementor-widget-image\" data-id=\"954d45f\" data-element_type=\"widget\" data-widget_type=\"image.default\">\n\t\t\t\t<div class=\"elementor-widget-container\">\n\t\t\t\t\t\t\t\t\t\t\t\t\t\t\t<img fetchpriority=\"high\" decoding=\"async\" width=\"1057\" height=\"2000\" src=\"https:\/\/archaion.com\/wp-content\/uploads\/2025\/04\/mpoukali1eikona-1-copy-1.png\" class=\"attachment-full size-full wp-image-16754\" alt=\"\" srcset=\"https:\/\/archaion.com\/wp-content\/uploads\/2025\/04\/mpoukali1eikona-1-copy-1.png 1057w, https:\/\/archaion.com\/wp-content\/uploads\/2025\/04\/mpoukali1eikona-1-copy-1-768x1453.png 768w, https:\/\/archaion.com\/wp-content\/uploads\/2025\/04\/mpoukali1eikona-1-copy-1-812x1536.png 812w, https:\/\/archaion.com\/wp-content\/uploads\/2025\/04\/mpoukali1eikona-1-copy-1-375x710.png 375w, https:\/\/archaion.com\/wp-content\/uploads\/2025\/04\/mpoukali1eikona-1-copy-1-550x1041.png 550w\" sizes=\"(max-width: 1057px) 100vw, 1057px\" \/>\t\t\t\t\t\t\t\t\t\t\t\t\t\t\t<\/div>\n\t\t\t\t<\/div>\n\t\t\t\t<div class=\"elementor-element elementor-element-3e1bc7e elementor-widget elementor-widget-image\" data-id=\"3e1bc7e\" data-element_type=\"widget\" data-widget_type=\"image.default\">\n\t\t\t\t<div class=\"elementor-widget-container\">\n\t\t\t\t\t\t\t\t\t\t\t\t\t\t\t<img decoding=\"async\" width=\"1057\" height=\"2000\" src=\"https:\/\/archaion.com\/wp-content\/uploads\/2025\/04\/12products-2-01-copy-1.png\" class=\"attachment-full size-full wp-image-16759\" alt=\"\" srcset=\"https:\/\/archaion.com\/wp-content\/uploads\/2025\/04\/12products-2-01-copy-1.png 1057w, https:\/\/archaion.com\/wp-content\/uploads\/2025\/04\/12products-2-01-copy-1-768x1453.png 768w, https:\/\/archaion.com\/wp-content\/uploads\/2025\/04\/12products-2-01-copy-1-812x1536.png 812w, https:\/\/archaion.com\/wp-content\/uploads\/2025\/04\/12products-2-01-copy-1-375x710.png 375w, https:\/\/archaion.com\/wp-content\/uploads\/2025\/04\/12products-2-01-copy-1-550x1041.png 550w\" sizes=\"(max-width: 1057px) 100vw, 1057px\" \/>\t\t\t\t\t\t\t\t\t\t\t\t\t\t\t<\/div>\n\t\t\t\t<\/div>\n\t\t\t\t<\/div>\n\t\t\t\t\t<\/div>\n\t\t\t\t<\/div>\n\t\t\t\t<\/div>\n\t\t<div class=\"elementor-element elementor-element-1b05188 e-con-full e-flex e-con e-parent\" data-id=\"1b05188\" data-element_type=\"container\">\n\t\t<div class=\"elementor-element elementor-element-40babc1 e-flex e-con-boxed e-con e-child\" data-id=\"40babc1\" data-element_type=\"container\" data-settings=\"{&quot;background_background&quot;:&quot;classic&quot;}\">\n\t\t\t\t\t<div class=\"e-con-inner\">\n\t\t\t\t<div class=\"elementor-element elementor-element-b96b860 elementor-widget elementor-widget-text-editor\" data-id=\"b96b860\" data-element_type=\"widget\" data-widget_type=\"text-editor.default\">\n\t\t\t\t<div class=\"elementor-widget-container\">\n\t\t\t\t\t\t\t\t\t<p><span style=\"font-size: 40px;\"><strong>Figues s\u00e8ches Archaion<\/strong><\/span><\/p>\t\t\t\t\t\t\t\t<\/div>\n\t\t\t\t<\/div>\n\t\t\t\t<div class=\"elementor-element elementor-element-2a7bb20 elementor-widget elementor-widget-text-editor\" data-id=\"2a7bb20\" data-element_type=\"widget\" data-widget_type=\"text-editor.default\">\n\t\t\t\t<div class=\"elementor-widget-container\">\n\t\t\t\t\t\t\t\t\t<p><span style=\"font-size: 20px;\">Des figues m\u00fbres de premi\u00e8re qualit\u00e9, qui conservent leur saveur gr\u00e2ce au processus naturel de s\u00e9chage au soleil. Riches en vitamines B1 et B6, pauvres en graisses, elles constituent une source v\u00e9g\u00e9tale id\u00e9ale de calcium et de potassium, alliant la valeur nutritionnelle \u00e0 l&rsquo;authenticit\u00e9 de la tradition.<\/span><\/p>\t\t\t\t\t\t\t\t<\/div>\n\t\t\t\t<\/div>\n\t\t<div class=\"elementor-element elementor-element-1817adf e-con-full e-flex e-con e-child\" data-id=\"1817adf\" data-element_type=\"container\" data-settings=\"{&quot;background_background&quot;:&quot;classic&quot;}\">\n\t\t\t\t<div class=\"elementor-element elementor-element-05b656d elementor-widget elementor-widget-image\" data-id=\"05b656d\" data-element_type=\"widget\" data-widget_type=\"image.default\">\n\t\t\t\t<div class=\"elementor-widget-container\">\n\t\t\t\t\t\t\t\t\t\t\t\t\t\t\t<img decoding=\"async\" width=\"1024\" height=\"988\" src=\"https:\/\/archaion.com\/wp-content\/uploads\/2025\/10\/Archaion-Figs.png\" class=\"attachment-full size-full wp-image-16950\" alt=\"\" srcset=\"https:\/\/archaion.com\/wp-content\/uploads\/2025\/10\/Archaion-Figs.png 1024w, https:\/\/archaion.com\/wp-content\/uploads\/2025\/10\/Archaion-Figs-768x741.png 768w, https:\/\/archaion.com\/wp-content\/uploads\/2025\/10\/Archaion-Figs-736x710.png 736w\" sizes=\"(max-width: 1024px) 100vw, 1024px\" \/>\t\t\t\t\t\t\t\t\t\t\t\t\t\t\t<\/div>\n\t\t\t\t<\/div>\n\t\t\t\t<\/div>\n\t\t\t\t\t<\/div>\n\t\t\t\t<\/div>\n\t\t\t\t<\/div>\n\t\t<div class=\"elementor-element elementor-element-ee2ff1b e-con-full e-flex e-con e-parent\" data-id=\"ee2ff1b\" data-element_type=\"container\">\n\t\t<div class=\"elementor-element elementor-element-9ce2018 e-flex e-con-boxed e-con e-child\" data-id=\"9ce2018\" data-element_type=\"container\" data-settings=\"{&quot;background_background&quot;:&quot;classic&quot;}\">\n\t\t\t\t\t<div class=\"e-con-inner\">\n\t\t\t\t<div class=\"elementor-element elementor-element-477a3a9 elementor-widget elementor-widget-text-editor\" data-id=\"477a3a9\" data-element_type=\"widget\" data-widget_type=\"text-editor.default\">\n\t\t\t\t<div class=\"elementor-widget-container\">\n\t\t\t\t\t\t\t\t\t<p><span style=\"font-size: 40px;\"><strong>Olives de table Archaion<\/strong><\/span><\/p>\t\t\t\t\t\t\t\t<\/div>\n\t\t\t\t<\/div>\n\t\t\t\t<div class=\"elementor-element elementor-element-bb739ba elementor-widget elementor-widget-text-editor\" data-id=\"bb739ba\" data-element_type=\"widget\" data-widget_type=\"text-editor.default\">\n\t\t\t\t<div class=\"elementor-widget-container\">\n\t\t\t\t\t\t\t\t\t<p><span style=\"font-size: 20px;\">D\u00e9licieuses, juteuses et en forme d&rsquo;amande. C&rsquo;est notre processus 100 % naturel qui donne \u00e0 nos olives leur go\u00fbt in\u00e9gal\u00e9. Nous laissons les olives m\u00fbrir sur l&rsquo;arbre, puis nous les affinons lentement et naturellement selon la m\u00e9thode traditionnelle.<\/span><\/p>\t\t\t\t\t\t\t\t<\/div>\n\t\t\t\t<\/div>\n\t\t<div class=\"elementor-element elementor-element-508cf5a e-con-full e-flex e-con e-child\" data-id=\"508cf5a\" data-element_type=\"container\" data-settings=\"{&quot;background_background&quot;:&quot;classic&quot;}\">\n\t\t\t\t<div class=\"elementor-element elementor-element-fcbff61 elementor-widget elementor-widget-image\" data-id=\"fcbff61\" data-element_type=\"widget\" data-widget_type=\"image.default\">\n\t\t\t\t<div class=\"elementor-widget-container\">\n\t\t\t\t\t\t\t\t\t\t\t\t\t\t\t<img loading=\"lazy\" decoding=\"async\" width=\"900\" height=\"1400\" src=\"https:\/\/archaion.com\/wp-content\/uploads\/2026\/03\/IMG_4943.png\" class=\"attachment-full size-full wp-image-17012\" alt=\"\" srcset=\"https:\/\/archaion.com\/wp-content\/uploads\/2026\/03\/IMG_4943.png 900w, https:\/\/archaion.com\/wp-content\/uploads\/2026\/03\/IMG_4943-768x1195.png 768w, https:\/\/archaion.com\/wp-content\/uploads\/2026\/03\/IMG_4943-456x710.png 456w\" sizes=\"(max-width: 900px) 100vw, 900px\" \/>\t\t\t\t\t\t\t\t\t\t\t\t\t\t\t<\/div>\n\t\t\t\t<\/div>\n\t\t\t\t<\/div>\n\t\t\t\t\t<\/div>\n\t\t\t\t<\/div>\n\t\t\t\t<\/div>\n\t\t\t\t<\/div>\n\t\t","protected":false},"excerpt":{"rendered":"<p>Boutique. Huile d&rsquo;olive Archaion Aspect: riche couleur vert fonc\u00e9, texture dense. Ar\u00f4mes : Ar\u00f4me fruit\u00e9 frais et \u00e9quilibr\u00e9. Profil gustatif : Produit primordial de l&rsquo;oliveraie traditionnelle Mess\u00e9nie, synth\u00e9tiseur de biodiversit\u00e9, s\u00fbr, tensions harmonieuses, fruit\u00e9, amer et \u00e9pic\u00e9, caract\u00e9ris\u00e9 par les feuilles d&rsquo;olivier, l&rsquo;artichaut vert, la menthe et l&rsquo;origan, le radicchio et le Tordylium (Kafkalithra), c&rsquo;est [&hellip;]<\/p>\n","protected":false},"author":2,"featured_media":0,"parent":0,"menu_order":0,"comment_status":"closed","ping_status":"closed","template":"","meta":{"footnotes":""},"class_list":["post-16102","page","type-page","status-publish","hentry"],"aioseo_notices":[],"_links":{"self":[{"href":"https:\/\/archaion.com\/fr\/wp-json\/wp\/v2\/pages\/16102","targetHints":{"allow":["GET"]}}],"collection":[{"href":"https:\/\/archaion.com\/fr\/wp-json\/wp\/v2\/pages"}],"about":[{"href":"https:\/\/archaion.com\/fr\/wp-json\/wp\/v2\/types\/page"}],"author":[{"embeddable":true,"href":"https:\/\/archaion.com\/fr\/wp-json\/wp\/v2\/users\/2"}],"replies":[{"embeddable":true,"href":"https:\/\/archaion.com\/fr\/wp-json\/wp\/v2\/comments?post=16102"}],"version-history":[{"count":23,"href":"https:\/\/archaion.com\/fr\/wp-json\/wp\/v2\/pages\/16102\/revisions"}],"predecessor-version":[{"id":17020,"href":"https:\/\/archaion.com\/fr\/wp-json\/wp\/v2\/pages\/16102\/revisions\/17020"}],"wp:attachment":[{"href":"https:\/\/archaion.com\/fr\/wp-json\/wp\/v2\/media?parent=16102"}],"curies":[{"name":"wp","href":"https:\/\/api.w.org\/{rel}","templated":true}]}}