{"id":16170,"date":"2024-11-12T10:37:11","date_gmt":"2024-11-12T08:37:11","guid":{"rendered":"https:\/\/archaion.com\/nutzungsbedingungen\/"},"modified":"2025-04-02T13:52:12","modified_gmt":"2025-04-02T10:52:12","slug":"nutzungsbedingungen","status":"publish","type":"page","link":"https:\/\/archaion.com\/de\/nutzungsbedingungen\/","title":{"rendered":"Nutzungsbedingungen"},"content":{"rendered":"\t\t<div data-elementor-type=\"wp-page\" data-elementor-id=\"16170\" class=\"elementor elementor-16170 elementor-13920\">\n\t\t\t\t<div class=\"elementor-element elementor-element-d33edda e-con-full e-flex e-con e-parent\" data-id=\"d33edda\" data-element_type=\"container\">\n\t\t<div class=\"elementor-element elementor-element-6ee1045 e-flex e-con-boxed e-con e-child\" data-id=\"6ee1045\" data-element_type=\"container\" data-settings=\"{&quot;background_background&quot;:&quot;classic&quot;}\">\n\t\t\t\t\t<div class=\"e-con-inner\">\n\t\t\t\t<div class=\"elementor-element elementor-element-50bad7d e-transform elementor-widget elementor-widget-image\" data-id=\"50bad7d\" data-element_type=\"widget\" data-settings=\"{&quot;_transform_flipY_effect&quot;:&quot;transform&quot;}\" data-widget_type=\"image.default\">\n\t\t\t\t<div class=\"elementor-widget-container\">\n\t\t\t\t\t\t\t\t\t\t\t\t\t\t\t<img fetchpriority=\"high\" decoding=\"async\" width=\"1415\" height=\"127\" src=\"https:\/\/archaion.com\/wp-content\/uploads\/2024\/12\/11line-1-01-copy.png\" class=\"attachment-full size-full wp-image-13966\" alt=\"\" srcset=\"https:\/\/archaion.com\/wp-content\/uploads\/2024\/12\/11line-1-01-copy.png 1415w, https:\/\/archaion.com\/wp-content\/uploads\/2024\/12\/11line-1-01-copy-768x69.png 768w, https:\/\/archaion.com\/wp-content\/uploads\/2024\/12\/11line-1-01-copy-1170x105.png 1170w, https:\/\/archaion.com\/wp-content\/uploads\/2024\/12\/11line-1-01-copy-550x49.png 550w\" sizes=\"(max-width: 1415px) 100vw, 1415px\" \/>\t\t\t\t\t\t\t\t\t\t\t\t\t\t\t<\/div>\n\t\t\t\t<\/div>\n\t\t\t\t<div class=\"elementor-element elementor-element-ea6415a elementor-widget elementor-widget-text-editor\" data-id=\"ea6415a\" data-element_type=\"widget\" data-widget_type=\"text-editor.default\">\n\t\t\t\t<div class=\"elementor-widget-container\">\n\t\t\t\t\t\t\t\t\t<p><span style=\"font-size: 50px; font-family: Trattatello;\">Nutzungsbedingungen<\/span><\/p>\n\t\t\t\t\t\t\t\t<\/div>\n\t\t\t\t<\/div>\n\t\t\t\t<div class=\"elementor-element elementor-element-7a4d5d8 e-transform e-transform elementor-widget elementor-widget-image\" data-id=\"7a4d5d8\" data-element_type=\"widget\" data-settings=\"{&quot;_transform_flipX_effect&quot;:&quot;transform&quot;,&quot;_transform_flipY_effect&quot;:&quot;transform&quot;}\" data-widget_type=\"image.default\">\n\t\t\t\t<div class=\"elementor-widget-container\">\n\t\t\t\t\t\t\t\t\t\t\t\t\t\t\t<img fetchpriority=\"high\" decoding=\"async\" width=\"1415\" height=\"127\" src=\"https:\/\/archaion.com\/wp-content\/uploads\/2024\/12\/11line-1-01-copy.png\" class=\"attachment-full size-full wp-image-13966\" alt=\"\" srcset=\"https:\/\/archaion.com\/wp-content\/uploads\/2024\/12\/11line-1-01-copy.png 1415w, https:\/\/archaion.com\/wp-content\/uploads\/2024\/12\/11line-1-01-copy-768x69.png 768w, https:\/\/archaion.com\/wp-content\/uploads\/2024\/12\/11line-1-01-copy-1170x105.png 1170w, https:\/\/archaion.com\/wp-content\/uploads\/2024\/12\/11line-1-01-copy-550x49.png 550w\" sizes=\"(max-width: 1415px) 100vw, 1415px\" \/>\t\t\t\t\t\t\t\t\t\t\t\t\t\t\t<\/div>\n\t\t\t\t<\/div>\n\t\t\t\t\t<\/div>\n\t\t\t\t<\/div>\n\t\t\t\t<\/div>\n\t\t<div class=\"elementor-element elementor-element-60ca9d1 e-flex e-con-boxed e-con e-parent\" data-id=\"60ca9d1\" data-element_type=\"container\" data-settings=\"{&quot;background_background&quot;:&quot;classic&quot;}\">\n\t\t\t\t\t<div class=\"e-con-inner\">\n\t\t\t\t<div class=\"elementor-element elementor-element-ee8cd64 elementor-widget elementor-widget-text-editor\" data-id=\"ee8cd64\" data-element_type=\"widget\" data-widget_type=\"text-editor.default\">\n\t\t\t\t<div class=\"elementor-widget-container\">\n\t\t\t\t\t\t\t\t\t<p>NUTZUNGSBEDINGUNGEN DER WEBSITE<\/p>\n<p>1 | ALLGEMEIN<\/p>\n<p>Willkommen in unserem Online-Shop archaion.com<\/p>\n<p>Der Zugang und die Nutzung der Website sowie der dar\u00fcber verf\u00fcgbaren Produkte und Dienstleistungen (im Folgenden \u201eDienste\u201c) unterliegen den folgenden Allgemeinen Gesch\u00e4ftsbedingungen (im Folgenden \u201eNutzungsbedingungen\u201c). Die Nutzung der Dienste setzt die vorbehaltlose Annahme der jeweils geltenden Nutzungsbedingungen voraus. Das Unternehmen beh\u00e4lt sich das Recht vor, die Nutzungsbedingungen nach eigenem Ermessen und ohne vorherige Ank\u00fcndigung zu \u00e4ndern. Es wird empfohlen, dass Benutzer diese Seite von Zeit zu Zeit \u00fcberpr\u00fcfen, um \u00fcber \u00c4nderungen der Nutzungsbedingungen informiert zu sein.<\/p>\n<p>Der Zugriff auf archaion.com ist w\u00e4hrend des Betriebs gestattet, das Unternehmen beh\u00e4lt sich jedoch das Recht vor, seine Dienste ohne vorherige Ank\u00fcndigung auszusetzen oder einzustellen. Das Unternehmen \u00fcbernimmt keine Verantwortung f\u00fcr den Fall, dass der Zugriff auf alle oder einen Teil der Dienste aus irgendeinem Grund nicht m\u00f6glich ist.<\/p>\n<p>Das Unternehmen unternimmt alle Anstrengungen, um sicherzustellen, dass der Inhalt von archaion.com vollst\u00e4ndige, genaue, klare, g\u00fcltige, informative, aktuelle, wahre und nicht irref\u00fchrende Informationen enth\u00e4lt. Sie ist in keiner Weise verantwortlich, gebunden oder garantiert hinsichtlich der Sicherheit und des Inhalts. Daher akzeptieren Benutzer von archaion.com die M\u00f6glichkeit, dass das Unternehmen nicht alle seine Inhalte und Dienste kontrollieren kann.<\/p>\n<p>Die Nutzung von archaion.com durch jeden Benutzer erfolgt auf seine eigene alleinige Verantwortung und sein Inhalt stellt keine Beratung oder direkte oder indirekte Aufforderung an Benutzer zur Durchf\u00fchrung von Handlungen oder Handlungen dar und kann in keiner Weise als solche interpretiert werden. Die Bewertung der Inhalte obliegt jedem Nutzer, der die Verantwortung f\u00fcr die Nutzung jeglicher Teile davon \u00fcbernimmt.<\/p>\n<p>Der Nutzer tr\u00e4gt die alleinige Verantwortung f\u00fcr den Besitz und die Wartung von Telefonanschl\u00fcssen, Computern und der allgemeinen Ausr\u00fcstung, die f\u00fcr die Nutzung der Dienste von archaion.com erforderlich sind.<\/p>\n<p>2 | SCHUTZ PERSONENBEZOGENER DATEN<\/p>\n<p>Die von Ihnen an uns \u00fcbermittelten Informationen bzw. personenbezogenen Daten unterliegen der Verarbeitung gem\u00e4\u00df den Datenschutzbestimmungen. Durch die Nutzung dieser Website erkl\u00e4ren Sie sich mit der Verarbeitung dieser Informationen und Daten einverstanden und erkl\u00e4ren, dass alle von Ihnen bereitgestellten Informationen und Daten wahrheitsgem\u00e4\u00df und korrekt sind.<\/p>\n<p>3 | NUTZUNG DER WEBSITE<\/p>\n<p>Indem Sie archaion.com nutzen und\/oder eine Bestellung dar\u00fcber aufgeben, verpflichten Sie sich:<\/p>\n<p>Nutzen Sie die Website nur, um sich \u00fcber unsere Dienstleistungen zu informieren, legitime Anfragen oder Bestellungen einzureichen.<\/p>\n<p>Geben Sie keine falschen oder betr\u00fcgerischen Bestellungen auf. Wenn wir begr\u00fcndeten Anlass zu der Annahme haben, dass ein solcher Auftrag erteilt wurde, haben wir das Recht, ihn zu stornieren und die zust\u00e4ndigen Beh\u00f6rden zu informieren.<\/p>\n<p>Geben Sie uns Ihre E-Mail-Adresse, Postanschrift und\/oder andere Kontaktinformationen korrekt und korrekt an.<\/p>\n<p>Sie erkl\u00e4ren sich au\u00dferdem damit einverstanden, dass wir diese Informationen verwenden d\u00fcrfen, um Sie bei Bedarf zu kontaktieren. Wenn Sie uns nicht alle erforderlichen Informationen zur Verf\u00fcgung stellen, k\u00f6nnen wir Ihre Bestellung nicht bearbeiten.<\/p>\n<p>Indem Sie eine Bestellung \u00fcber die Website aufgeben, garantieren Sie, dass Sie mindestens 18 Jahre alt und gesch\u00e4ftsf\u00e4hig sind, verbindliche Vertr\u00e4ge abzuschlie\u00dfen.<\/p>\n<p>4 | KAUFVERTRAG \u2013 PRODUKTBESTELLUNG<\/p>\n<p>Die in den Nutzungsbedingungen enthaltenen Informationen und die auf archaion.com enthaltenen Angaben stellen kein Verkaufsangebot, sondern eine Aufforderung zur Information dar.<\/p>\n<p>Es kommt kein Vertrag zwischen uns und Ihnen hinsichtlich der Produkte zustande, es sei denn, Ihre Bestellung wird von uns ausdr\u00fccklich angenommen. Wenn wir Ihre Bestellung nicht annehmen und der Betrag bereits von Ihrem Konto abgebucht wurde, wird der Betrag ohne Zinsen vollst\u00e4ndig zur\u00fcckerstattet.<\/p>\n<p>Um eine Bestellung aufzugeben, werden Sie aufgefordert, dem Kaufvorgang zu folgen und auf die Schaltfl\u00e4che \u201eFERTIG\u201c zu klicken. Anschlie\u00dfend erhalten Sie von uns eine E-Mail, die den Eingang Ihrer Bestellung best\u00e4tigt (\u201eBestellbest\u00e4tigung\u201c). Der Erhalt der E-Mail best\u00e4tigt den Abschluss der Bestellung und deren Annahme durch uns.<\/p>\n<p>5 | VERF\u00dcGBARKEIT DER PRODUKTE<\/p>\n<p>Alle Produktbestellungen unterliegen der Verf\u00fcgbarkeit. Vor diesem Hintergrund behalten wir uns das Recht vor, Sie im Falle von Lieferschwierigkeiten oder einem Mangel an vorr\u00e4tigen Produkten entweder telefonisch unter der von Ihnen angegebenen Nummer oder per E-Mail \u00fcber \u00e4hnliche Produkte gleicher oder h\u00f6herer Qualit\u00e4t und mit gleichem oder h\u00f6herem Wert zu informieren, die Sie bestellen k\u00f6nnen. Wenn Sie solche vergleichbaren Produkte nicht bestellen m\u00f6chten, erstatten wir Ihnen den bereits gezahlten Betrag kostenfrei zur\u00fcck.<\/p>\n<p>6 | ABLEHNUNG DER BESTELLUNG<\/p>\n<p>Wir behalten uns das Recht vor, jedes Produkt jederzeit und\/oder von archaion.com zur\u00fcckzuziehen<\/p>\n<p>jegliches Material oder Inhalte auf dieser Website zu entfernen oder zu bearbeiten; Obwohl wir uns bem\u00fchen, alle bei uns aufgegebenen Bestellungen zu bearbeiten, k\u00f6nnen au\u00dfergew\u00f6hnliche Umst\u00e4nde auftreten, in denen wir die Bearbeitung einer Bestellung ablehnen m\u00fcssen, nachdem wir Ihnen bereits die Bestellbest\u00e4tigung gesendet haben. Wir behalten uns das Recht vor, dies jederzeit nach unserem alleinigen Ermessen zu tun.<\/p>\n<p>Wir haften Ihnen oder Dritten gegen\u00fcber nicht f\u00fcr die Entfernung von Produkten von dieser Website oder f\u00fcr die Entfernung oder Bearbeitung von Materialien oder Inhalten auf der Website oder f\u00fcr die Verweigerung der Bearbeitung oder Annahme einer Bestellung, nachdem wir Ihnen die Bestellbest\u00e4tigung gesendet haben.<\/p>\n<p>7 | LIEFERUNG \u2013 NICHTLIEFERUNG VON PRODUKTEN<\/p>\n<p>Vorbehaltlich der vorstehenden Bedingung 5 bez\u00fcglich der Produktverf\u00fcgbarkeit und vorbehaltlich au\u00dfergew\u00f6hnlicher Umst\u00e4nde werden wir uns nach besten Kr\u00e4ften bem\u00fchen, Ihre Bestellung f\u00fcr das\/die in der Auftragsbest\u00e4tigung aufgef\u00fchrte(n) Produkt(e) bis zum in der Auftragsbest\u00e4tigung angegebenen Liefertermin oder, falls kein Liefertermin festgelegt ist, innerhalb der voraussichtlichen Zeit, die Ihnen bei der Auswahl einer Zahlungsmethode angezeigt wird, und in jedem Fall sp\u00e4testens innerhalb von 30 Tagen ab dem Datum der Auftragsbest\u00e4tigung abzuschlie\u00dfen. Die Lieferung der Produkte erfolgt durch den mit uns zusammenarbeitenden Spediteur und die Versandzeit in Griechenland betr\u00e4gt zwischen drei und vier (3-4) Werktagen ab dem n\u00e4chsten Tag der Auftragsbest\u00e4tigung. An Samstagen und Sonntagen liefern wir nicht.<\/p>\n<p>Allerdings kann es in F\u00e4llen wie z. B. je nach Liefergebiet oder unvorhergesehenen Umst\u00e4nden zu Verz\u00f6gerungen kommen.<\/p>\n<p>Sollten wir aus irgendeinem Grund nicht in der Lage sein, den Liefertermin einzuhalten, benachrichtigen wir Sie und bieten Ihnen die M\u00f6glichkeit, entweder mit dem Kauf fortzufahren, indem wir einen neuen Liefertermin von uns festlegen, oder die Bestellung mit einer kostenlosen vollst\u00e4ndigen R\u00fcckerstattung zu stornieren.<\/p>\n<p>F\u00fcr die Zwecke dieser Bedingungen gilt \u201eLieferung\u201c als erfolgt bzw. gilt die Bestellung als zugestellt, wenn Sie oder ein Dritter in Ihrem Namen, mit Ausnahme des Spediteurs, den physischen Besitz oder die Kontrolle \u00fcber die Produkte erlangt haben, was durch die Unterschrift des Empfangsbelegs der Bestellung an der vereinbarten Lieferadresse nachgewiesen werden muss.<\/p>\n<p>Sollte es dem Spediteur nicht m\u00f6glich sein, Ihre Bestellung zuzustellen, hinterl\u00e4sst er Ihnen eine Nachricht, in der er erkl\u00e4rt, wo sich Ihre Bestellung befindet und was Sie tun m\u00fcssen, um sie abzuholen. Au\u00dferdem wird er Sie telefonisch kontaktieren. Wenn Ihre Bestellung nach Ablauf von 10 Tagen zur Lieferung verf\u00fcgbar ist und diese aus Gr\u00fcnden, die wir nicht zu vertreten haben, noch nicht geliefert wurde, gehen wir davon aus, dass Sie vom Vertrag zur\u00fccktreten m\u00f6chten, und der Vertrag gilt als abgelaufen. Infolge der Vertragsbeendigung erstatten wir Ihnen alle von Ihnen erhaltenen Zahlungen so schnell wie m\u00f6glich, in jedem Fall jedoch innerhalb von 14 Tagen nach Vertragsende, kostenfrei zur\u00fcck.<\/p>\n<p>F\u00fcr den Fall, dass Ihre Bestellung aufgrund eines Fehlers des Spediteurs verloren geht, werden wir Sie dar\u00fcber informieren. Wenn Sie die Bestellung dennoch abschlie\u00dfen m\u00f6chten, werden wir Ihnen die gleichen Produkte ersetzen und erneut senden. Andernfalls erstatten wir Ihnen die von Ihnen erhaltene Zahlung kostenlos zur\u00fcck.<\/p>\n<p>8 | ZAHLUNG F\u00dcR PRODUKTE<\/p>\n<p>Der Preis f\u00fcr jedes Produkt ist der zu jeder Zeit auf archaion.com festgelegte Preis, au\u00dfer im Falle offensichtlicher Fehler. Wir achten stets darauf, dass alle Preise auf der Website korrekt sind, es k\u00f6nnen jedoch Fehler auftreten. Sollten wir einen Fehler beim Preis eines von Ihnen bestellten Produkts feststellen, benachrichtigen wir Sie so schnell wie m\u00f6glich und geben Ihnen die M\u00f6glichkeit, die Bestellung zum korrigierten korrekten Preis erneut zu best\u00e4tigen oder sie zu stornieren. Wenn wir Sie nicht kontaktieren k\u00f6nnen, behandeln wir Ihre Bestellung als storniert und erstatten Ihnen den von Ihnen gezahlten Betrag vollst\u00e4ndig zur\u00fcck.<\/p>\n<p>Wir sind nicht verpflichtet, Ihnen ein Produkt zum falschen niedrigeren Preis zu liefern (auch wenn wir Ihnen die Auftragsbest\u00e4tigung gesendet haben), wenn der Preisfehler offensichtlich und unbestritten ist und von Ihnen vern\u00fcnftigerweise als falscher Preis erkannt werden kann.<\/p>\n<p>Die Preise auf unserer Website enthalten die gesetzliche Mehrwertsteuer, jedoch keine Versandkosten, falls f\u00fcr Sie Versandkosten anfallen.<\/p>\n<p>Gem\u00e4\u00df den Richtlinien unseres Unternehmens sind die Versandkosten f\u00fcr Ihre Eink\u00e4ufe innerhalb des griechischen Hoheitsgebiets \u00fcber f\u00fcnfzig Euro (50 \u20ac) f\u00fcr Sie kostenlos, w\u00e4hrend f\u00fcr Eink\u00e4ufe unter f\u00fcnfzig Euro (50 \u20ac) Kosten anfallen<\/p>\n<p>den Betrag von drei Euro und neunzig Cent (3,90 \u20ac). Die Versandkosten f\u00fcr Ihre Eink\u00e4ufe innerhalb der Europ\u00e4ischen Union sind ab einem Einkaufswert von einhundert Euro (100 \u20ac) kostenlos, bei kleineren Eink\u00e4ufen werden Ihnen zehn Euro (10 \u20ac) berechnet. Schlie\u00dflich werden Ihnen f\u00fcr Eink\u00e4ufe au\u00dferhalb der Europ\u00e4ischen Union Versandkosten in H\u00f6he von drei\u00dfig Euro (30 \u20ac) berechnet, unabh\u00e4ngig vom Wert der gekauften Produkte. Insbesondere internationale Sendungen werden von ELTA durchgef\u00fchrt. Die Preise k\u00f6nnen sich jederzeit \u00e4ndern. Vorbehaltlich der vorstehenden ausdr\u00fccklichen Bestimmungen wirken sich etwaige \u00c4nderungen jedoch nicht auf Bestellungen aus, f\u00fcr die Ihnen bereits eine Auftragsbest\u00e4tigung zugesandt wurde.<\/p>\n<p>Sobald Sie alle Produkte ausgew\u00e4hlt haben, die Sie kaufen m\u00f6chten, werden diese Ihrem Warenkorb hinzugef\u00fcgt und im n\u00e4chsten Schritt k\u00f6nnen Sie mit der Bestellung fortfahren und bezahlen. Dazu m\u00fcssen Sie die Schritte des Kaufvorgangs befolgen und bei jedem Schritt die angeforderten Informationen ausf\u00fcllen oder \u00fcberpr\u00fcfen. Dar\u00fcber hinaus k\u00f6nnen Sie w\u00e4hrend des Kaufvorgangs vor der Zahlung die Details Ihrer Bestellung \u00e4ndern.<\/p>\n<p>Die Zahlung kann per Nachnahme, mit den Kreditkarten Visa, Mastercard und American Express erfolgen.<\/p>\n<p>Um die M\u00f6glichkeit eines unbefugten Zugriffs zu minimieren, werden Ihre Kartendaten verschl\u00fcsselt. Ihre Karte wird erst belastet, wenn Ihre Bestellung von unseren Lagern zur Lieferung versandt wurde.<\/p>\n<p>Sobald Sie auf die Schaltfl\u00e4che \u201eBestellung abschlie\u00dfen\u201c klicken, best\u00e4tigen Sie, dass Ihre Kreditkarte g\u00fcltig ist und \u00fcber ein ausreichendes Guthaben verf\u00fcgt. Kreditkarten unterliegen der G\u00fcltigkeits- und Genehmigungspr\u00fcfung durch Ihren Kartenaussteller. Wenn Ihr Kartenaussteller die Zahlung nicht autorisiert, haften wir nicht f\u00fcr Verz\u00f6gerungen oder Nichtlieferungen und k\u00f6nnen keinen Vertrag mit Ihnen abschlie\u00dfen.<\/p>\n<p>9 | GEISTIGE UND GEWERBLICHE EIGENTUMSRECHTE \u2013 MARKEN<\/p>\n<p>Der Erwerb geistigen Eigentums erfolgt ohne jegliche Formulierung und ohne dass es einer Nichtverletzungsklausel bedarf. archaion.com und sein Inhalt (einschlie\u00dflich aller Marken, Unterscheidungsmerkmale, Patente, Marken, Texte, Bilder, Grafiken, Pl\u00e4ne, Fotografien, Programme, Informationsmaterial jeglicher Form, Daten, Software) sind geistiges und gewerbliches Eigentum des Unternehmens und unterliegen dem Schutz der einschl\u00e4gigen Bestimmungen des griechischen, gemeinschaftlichen und internationalen Rechts.<\/p>\n<p>Es wird darauf hingewiesen, dass gem\u00e4\u00df N. 2121\/1993 (in der heute g\u00fcltigen Fassung), dem Berner \u00dcbereinkommen (ratifiziert durch das Gesetz 100\/1975) und den einschl\u00e4gigen Bestimmungen zum Schutz des geistigen Eigentums im Internet jede Form des Kopierens, der \u00c4nderung, des Eingriffs, der \u00dcbertragung, der Verteilung, des Weiterverkaufs, der Vermietung, der Neuver\u00f6ffentlichung, der Reproduktion, der Weiterverbreitung in elektronischer oder mechanischer Form, der Speicherung, des Druckens, der Erstellung abgeleiteter Arbeiten, des Herunterladens durch irgendjemanden oder der Irref\u00fchrung der \u00d6ffentlichkeit hinsichtlich der wahrer Eigent\u00fcmer des Inhalts.<\/p>\n<p>Der Inhalt von archaion.com stellt keine ausdr\u00fcckliche oder stillschweigende Lizenz oder ein Nutzungsrecht f\u00fcr die darin erscheinenden Marken ohne die schriftliche Genehmigung des Unternehmens oder Dritter dar und sollte in keinem Fall als Gew\u00e4hrung einer ausdr\u00fccklichen oder stillschweigenden Lizenz oder eines Nutzungsrechts ausgelegt werden. Die auf archaion.com erscheinenden Marken, Logos und Unterscheidungsmerkmale sowie die Darstellungen von Personen, Orten oder Dingen, die Teil des Inhalts sind, sind Eigentum des Unternehmens oder Dritter. Ihre Verwendung ist ohne vorherige schriftliche Genehmigung des Unternehmens strengstens untersagt, es sei denn, die geltenden Nutzungsbedingungen enthalten eine andere Bestimmung.<\/p>\n<p>Produkte, Dienstleistungen, Marken, Marken oder Unterscheidungsmerkmale Dritter, die auf archaion.com erscheinen, sind geistiges und gewerbliches Eigentum der Dritten, die auch die entsprechende Verantwortung tragen.<\/p>\n<p>Die \u00fcber archaion.com an das Unternehmen \u00fcbermittelten Informationen gelten als nicht vertrauliche Informationen und stellen nicht das Eigentum des betreffenden Benutzers dar. Alles, was \u00fcber archaion.com \u00fcbertragen, weiter\u00fcbertragen oder versendet wird, ist soweit m\u00f6glich Eigentum des Unternehmens. Das Unternehmen kann begrenzte Informationen \u00fcber seine kommerziellen Aktivit\u00e4ten sammeln.<\/p>\n<p>10 | VERANTWORTUNG DES UNTERNEHMENS<\/p>\n<p>Angesichts der Internationalisierung des Internets und seines Umfangs begr\u00fcnden direkte, zuf\u00e4llige, Folge-, indirekte oder Nebensch\u00e4den, die sich aus dem Zugriff eines Benutzers auf archaion.com oder dessen Nutzung ergeben, einschlie\u00dflich des Falles von Mitverschulden, keine Haftung des Unternehmens oder seiner F\u00fchrungskr\u00e4fte. Benutzern wird empfohlen, Antiviren- und Anti-Malware-Software zu verwenden.<\/p>\n<p>Das Unternehmen haftet nicht f\u00fcr Sch\u00e4den und Kosten, die im Zusammenhang mit der Nutzung von archaion.com oder dem entstehen<\/p>\n<p>Unf\u00e4higkeit, es zu nutzen, durch eine Person oder im Zusammenhang mit Nichterf\u00fcllung, Fehler, Auslassung, Unterbrechung, Defekt, Verz\u00f6gerung im Betrieb oder der \u00dcbertragung oder Ausfall der Systemleitung. F\u00fcr den Fall, dass Sch\u00e4den, Besch\u00e4digungen oder Infektionen durch elektronische Viren am Computer oder anderen elektronischen Mitteln entstehen, mit denen ein Benutzer auf Materialien, Daten, Texte, Bilder, Videos oder Audioinhalte der Inhalte zugreift, sie besucht, sie nutzt oder herunterl\u00e4dt, \u00fcbernimmt das Unternehmen keinerlei Verantwortung.<\/p>\n<p>Die \u00fcber die Website verf\u00fcgbaren Dienste werden den Benutzern des Online-Shops \u201ewie besehen\u201c zur Verf\u00fcgung gestellt. Das Unternehmen \u00fcbernimmt keine Gew\u00e4hr daf\u00fcr, dass der Inhalt von archaion.com und die Qualit\u00e4t der bereitgestellten Dienste den Anforderungen und Erwartungen der Nutzer entsprechen. Das Unternehmen \u00fcbernimmt keine Verantwortung f\u00fcr rechtliche, zivil- oder strafrechtliche Anspr\u00fcche im Zusammenhang mit dem Betrieb oder der Nutzung von archaion.com sowie f\u00fcr Sch\u00e4den jeglicher Art, die durch Besucher der Website oder Dritte verursacht werden.<\/p>\n<p>Das Unternehmen ist nicht verantwortlich und \u00fcbernimmt keinerlei Verpflichtung zur Entsch\u00e4digung f\u00fcr Anspr\u00fcche im Zusammenhang mit den Inhalten von archaion.com oder f\u00fcr Fehler, einfache oder verleumderische Verleumdungen, Verleumdungen, Beleidigungen, Auslassungen, Unwahrheiten, Obsz\u00f6nit\u00e4ten, Pornografie, Blasphemie, Risiken oder Ungenauigkeiten in den Inhalten.<\/p>\n<p>11 | ANWENDBARES RECHT UND ANDERE BEDINGUNGEN<\/p>\n<p>Die spezifischen Gesch\u00e4ftsbedingungen sowie etwaige \u00c4nderungen derselben unterliegen griechischem Recht und werden in \u00dcbereinstimmung mit diesem ausgelegt. F\u00fcr alle Streitigkeiten, die sich aus der Nutzung von archaion.com ergeben, sind die zust\u00e4ndigen Gerichte von Kalamata zust\u00e4ndig.<\/p>\n\t\t\t\t\t\t\t\t<\/div>\n\t\t\t\t<\/div>\n\t\t\t\t\t<\/div>\n\t\t\t\t<\/div>\n\t\t\t\t<\/div>\n\t\t","protected":false},"excerpt":{"rendered":"<p>Nutzungsbedingungen NUTZUNGSBEDINGUNGEN DER WEBSITE 1 | ALLGEMEIN Willkommen in unserem Online-Shop archaion.com Der Zugang und die Nutzung der Website sowie der dar\u00fcber verf\u00fcgbaren Produkte und Dienstleistungen (im Folgenden \u201eDienste\u201c) unterliegen den folgenden Allgemeinen Gesch\u00e4ftsbedingungen (im Folgenden \u201eNutzungsbedingungen\u201c). Die Nutzung der Dienste setzt die vorbehaltlose Annahme der jeweils geltenden Nutzungsbedingungen voraus. Das Unternehmen beh\u00e4lt sich das [&hellip;]<\/p>\n","protected":false},"author":2,"featured_media":0,"parent":0,"menu_order":0,"comment_status":"closed","ping_status":"closed","template":"","meta":{"footnotes":""},"class_list":["post-16170","page","type-page","status-publish","hentry"],"aioseo_notices":[],"_links":{"self":[{"href":"https:\/\/archaion.com\/de\/wp-json\/wp\/v2\/pages\/16170","targetHints":{"allow":["GET"]}}],"collection":[{"href":"https:\/\/archaion.com\/de\/wp-json\/wp\/v2\/pages"}],"about":[{"href":"https:\/\/archaion.com\/de\/wp-json\/wp\/v2\/types\/page"}],"author":[{"embeddable":true,"href":"https:\/\/archaion.com\/de\/wp-json\/wp\/v2\/users\/2"}],"replies":[{"embeddable":true,"href":"https:\/\/archaion.com\/de\/wp-json\/wp\/v2\/comments?post=16170"}],"version-history":[{"count":2,"href":"https:\/\/archaion.com\/de\/wp-json\/wp\/v2\/pages\/16170\/revisions"}],"predecessor-version":[{"id":16181,"href":"https:\/\/archaion.com\/de\/wp-json\/wp\/v2\/pages\/16170\/revisions\/16181"}],"wp:attachment":[{"href":"https:\/\/archaion.com\/de\/wp-json\/wp\/v2\/media?parent=16170"}],"curies":[{"name":"wp","href":"https:\/\/api.w.org\/{rel}","templated":true}]}}