{"id":16166,"date":"2024-11-12T10:43:18","date_gmt":"2024-11-12T08:43:18","guid":{"rendered":"https:\/\/archaion.com\/cookie-richtlinie\/"},"modified":"2025-04-02T13:57:44","modified_gmt":"2025-04-02T10:57:44","slug":"cookie-richtlinie","status":"publish","type":"page","link":"https:\/\/archaion.com\/de\/cookie-richtlinie\/","title":{"rendered":"Cookie-Richtlinie"},"content":{"rendered":"\t\t<div data-elementor-type=\"wp-page\" data-elementor-id=\"16166\" class=\"elementor elementor-16166 elementor-13930\">\n\t\t\t\t<div class=\"elementor-element elementor-element-a5b8711 e-con-full e-flex e-con e-parent\" data-id=\"a5b8711\" data-element_type=\"container\">\n\t\t<div class=\"elementor-element elementor-element-00c515d e-flex e-con-boxed e-con e-child\" data-id=\"00c515d\" data-element_type=\"container\" data-settings=\"{&quot;background_background&quot;:&quot;classic&quot;}\">\n\t\t\t\t\t<div class=\"e-con-inner\">\n\t\t\t\t<div class=\"elementor-element elementor-element-af77c81 e-transform elementor-widget elementor-widget-image\" data-id=\"af77c81\" data-element_type=\"widget\" data-settings=\"{&quot;_transform_flipY_effect&quot;:&quot;transform&quot;}\" data-widget_type=\"image.default\">\n\t\t\t\t<div class=\"elementor-widget-container\">\n\t\t\t\t\t\t\t\t\t\t\t\t\t\t\t<img fetchpriority=\"high\" decoding=\"async\" width=\"1415\" height=\"127\" src=\"https:\/\/archaion.com\/wp-content\/uploads\/2024\/12\/11line-1-01-copy.png\" class=\"attachment-full size-full wp-image-13966\" alt=\"\" srcset=\"https:\/\/archaion.com\/wp-content\/uploads\/2024\/12\/11line-1-01-copy.png 1415w, https:\/\/archaion.com\/wp-content\/uploads\/2024\/12\/11line-1-01-copy-768x69.png 768w, https:\/\/archaion.com\/wp-content\/uploads\/2024\/12\/11line-1-01-copy-1170x105.png 1170w, https:\/\/archaion.com\/wp-content\/uploads\/2024\/12\/11line-1-01-copy-550x49.png 550w\" sizes=\"(max-width: 1415px) 100vw, 1415px\" \/>\t\t\t\t\t\t\t\t\t\t\t\t\t\t\t<\/div>\n\t\t\t\t<\/div>\n\t\t\t\t<div class=\"elementor-element elementor-element-cc9ad2c elementor-widget elementor-widget-text-editor\" data-id=\"cc9ad2c\" data-element_type=\"widget\" data-widget_type=\"text-editor.default\">\n\t\t\t\t<div class=\"elementor-widget-container\">\n\t\t\t\t\t\t\t\t\t<p><span style=\"font-family: Trattatello; font-size: 50px;\">Cookie-Richtlinie<\/span><\/p>\n\t\t\t\t\t\t\t\t<\/div>\n\t\t\t\t<\/div>\n\t\t\t\t<div class=\"elementor-element elementor-element-71c4922 e-transform e-transform elementor-widget elementor-widget-image\" data-id=\"71c4922\" data-element_type=\"widget\" data-settings=\"{&quot;_transform_flipX_effect&quot;:&quot;transform&quot;,&quot;_transform_flipY_effect&quot;:&quot;transform&quot;}\" data-widget_type=\"image.default\">\n\t\t\t\t<div class=\"elementor-widget-container\">\n\t\t\t\t\t\t\t\t\t\t\t\t\t\t\t<img fetchpriority=\"high\" decoding=\"async\" width=\"1415\" height=\"127\" src=\"https:\/\/archaion.com\/wp-content\/uploads\/2024\/12\/11line-1-01-copy.png\" class=\"attachment-full size-full wp-image-13966\" alt=\"\" srcset=\"https:\/\/archaion.com\/wp-content\/uploads\/2024\/12\/11line-1-01-copy.png 1415w, https:\/\/archaion.com\/wp-content\/uploads\/2024\/12\/11line-1-01-copy-768x69.png 768w, https:\/\/archaion.com\/wp-content\/uploads\/2024\/12\/11line-1-01-copy-1170x105.png 1170w, https:\/\/archaion.com\/wp-content\/uploads\/2024\/12\/11line-1-01-copy-550x49.png 550w\" sizes=\"(max-width: 1415px) 100vw, 1415px\" \/>\t\t\t\t\t\t\t\t\t\t\t\t\t\t\t<\/div>\n\t\t\t\t<\/div>\n\t\t\t\t\t<\/div>\n\t\t\t\t<\/div>\n\t\t\t\t<\/div>\n\t\t<div class=\"elementor-element elementor-element-60ca9d1 e-flex e-con-boxed e-con e-parent\" data-id=\"60ca9d1\" data-element_type=\"container\" data-settings=\"{&quot;background_background&quot;:&quot;classic&quot;}\">\n\t\t\t\t\t<div class=\"e-con-inner\">\n\t\t\t\t<div class=\"elementor-element elementor-element-ee8cd64 elementor-widget elementor-widget-text-editor\" data-id=\"ee8cd64\" data-element_type=\"widget\" data-widget_type=\"text-editor.default\">\n\t\t\t\t<div class=\"elementor-widget-container\">\n\t\t\t\t\t\t\t\t\t<p>Welche Cookies werden auf archaion.com verwendet?<\/p>\n<p>Cookies sind sehr kleine Textdateien mit Informationen, die von Browsern (Chrome, Mozilla Firefox usw.) verwendet werden und dazu beitragen, dass eine Website besser funktioniert, indem sie es ihr erm\u00f6glichen, die Pr\u00e4ferenzen des Benutzers bei jeder R\u00fcckkehr zu erkennen.<\/p>\n<p>Auf der Website archaion.com gibt es 4 verschiedene Arten dieser Textdateien:<\/p>\n<p>Funktionalit\u00e4ts-Cookies: Sie erm\u00f6glichen die Ausf\u00fchrung grundlegender Funktionen der Website. Diese Cookies sammeln keine Informationen \u00fcber Besucher, die f\u00fcr Marketingzwecke oder zur Erinnerung an die Websites, die sie online besucht haben, verwendet werden k\u00f6nnten.<br \/>Werbe-Cookies: Diese Cookies sind erforderlich, um Werbung anzuzeigen, die auf die Pr\u00e4ferenzen des Benutzers zugeschnitten ist.<br \/>Statistik-Cookies: Sie messen den Benutzerverkehr und helfen Com-Administratoren, den Inhalt der Website zu verbessern, was zu einem besseren Erlebnis f\u00fcr Besucher f\u00fchrt. Diese Cookies sammeln keine Informationen, die den Besucher identifizieren k\u00f6nnten.<br \/>Pr\u00e4ferenz-Cookies: Cookies, die com dabei helfen, personalisierte Inhalte f\u00fcr den Benutzer anzuzeigen.<br \/>Warum verwendet archaion.com sie?<\/p>\n<p>F\u00fcr den ordnungsgem\u00e4\u00dfen Betrieb der Website und das optimale Erlebnis ihrer Besucher.<\/p>\n<p>Was ist mit den pers\u00f6nlichen Daten der Nutzer?<\/p>\n<p>archaion.com fordert beim Durchsuchen seiner Inhalte keine pers\u00f6nlichen Daten von seinen Besuchern an. Entscheidet sich der Nutzer f\u00fcr die Teilnahme an einem Online-Gewinnspiel der Seite, muss er seine E-Mail-Adresse, seinen Vor- und Nachnamen sowie seine Telefonnummer angeben. Diese Daten dienen ausschlie\u00dflich der direkten Kommunikation der Administratoren mit den Nutzern (nur im Falle des gl\u00fccklichen Gewinners der Lotterie) und f\u00fcr den ordnungsgem\u00e4\u00dfen Betrieb des Dienstes. Die im Rahmen des Gewinnspiels gesammelten Informationen werden nicht an Dritte weitergegeben. Der Benutzer kann die Browsereinstellungen \u00e4ndern, um einige oder alle Cookies zu blockieren. Wenn Cookies jedoch blockiert werden, werden einige Inhalte auf archaion.com nicht angezeigt.<\/p>\n\t\t\t\t\t\t\t\t<\/div>\n\t\t\t\t<\/div>\n\t\t\t\t\t<\/div>\n\t\t\t\t<\/div>\n\t\t\t\t<\/div>\n\t\t","protected":false},"excerpt":{"rendered":"<p>Cookie-Richtlinie Welche Cookies werden auf archaion.com verwendet? Cookies sind sehr kleine Textdateien mit Informationen, die von Browsern (Chrome, Mozilla Firefox usw.) verwendet werden und dazu beitragen, dass eine Website besser funktioniert, indem sie es ihr erm\u00f6glichen, die Pr\u00e4ferenzen des Benutzers bei jeder R\u00fcckkehr zu erkennen. Auf der Website archaion.com gibt es 4 verschiedene Arten dieser [&hellip;]<\/p>\n","protected":false},"author":2,"featured_media":0,"parent":0,"menu_order":0,"comment_status":"closed","ping_status":"closed","template":"","meta":{"footnotes":""},"class_list":["post-16166","page","type-page","status-publish","hentry"],"aioseo_notices":[],"_links":{"self":[{"href":"https:\/\/archaion.com\/de\/wp-json\/wp\/v2\/pages\/16166","targetHints":{"allow":["GET"]}}],"collection":[{"href":"https:\/\/archaion.com\/de\/wp-json\/wp\/v2\/pages"}],"about":[{"href":"https:\/\/archaion.com\/de\/wp-json\/wp\/v2\/types\/page"}],"author":[{"embeddable":true,"href":"https:\/\/archaion.com\/de\/wp-json\/wp\/v2\/users\/2"}],"replies":[{"embeddable":true,"href":"https:\/\/archaion.com\/de\/wp-json\/wp\/v2\/comments?post=16166"}],"version-history":[{"count":4,"href":"https:\/\/archaion.com\/de\/wp-json\/wp\/v2\/pages\/16166\/revisions"}],"predecessor-version":[{"id":16184,"href":"https:\/\/archaion.com\/de\/wp-json\/wp\/v2\/pages\/16166\/revisions\/16184"}],"wp:attachment":[{"href":"https:\/\/archaion.com\/de\/wp-json\/wp\/v2\/media?parent=16166"}],"curies":[{"name":"wp","href":"https:\/\/api.w.org\/{rel}","templated":true}]}}